{"id":1452,"date":"2020-12-17T14:55:55","date_gmt":"2020-12-17T13:55:55","guid":{"rendered":"https:\/\/www.mill-darx.com\/?page_id=1452"},"modified":"2026-02-28T22:34:18","modified_gmt":"2026-02-28T21:34:18","slug":"helen","status":"publish","type":"page","link":"https:\/\/www.mill-darx.com\/en\/rooms\/helen\/","title":{"rendered":"Helene"},"content":{"rendered":"<div id='full_slider_1'  class='avia-fullwidth-slider main_color avia-shadow   avia-builder-el-0  el_before_av_section  avia-builder-el-first   container_wrap sidebar_right' style=' '  ><div   data-size='featured'  data-lightbox_size='large'  data-animation='fade'  data-conditional_play=''  data-ids='1699'  data-video_counter='0'  data-autoplay='false'  data-bg_slider='false'  data-slide_height=''  data-handle='av_slideshow_full'  data-interval='6'  data-class=' '  data-el_id=''  data-css_id=''  data-scroll_down=''  data-control_layout='av-control-default'  data-custom_markup=''  data-perma_caption=''  data-autoplay_stopper=''  data-image_attachment=''  data-min_height='430px'  data-lazy_loading='disabled'  data-src=''  data-position='top left'  data-repeat='no-repeat'  data-attach='scroll'  data-stretch=''  data-default-height='28.666666666667'  class='avia-slideshow avia-slideshow-1  av-control-default av-default-height-applied avia-slideshow-featured av_slideshow_full   avia-fade-slider '  itemprop=\"image\" itemscope=\"itemscope\" itemtype=\"https:\/\/schema.org\/ImageObject\" ><ul class='avia-slideshow-inner ' style='padding-bottom: 28.666666666667%;' ><li  class=' av-single-slide slide-1 ' ><div data-rel='slideshow-1' class='avia-slide-wrap '   ><div class = \"caption_fullwidth av-slideshow-caption caption_center\"><div class = \"container caption_container\"><div class = \"slideshow_caption\"><div class = \"slideshow_inner_caption\"><div class = \"slideshow_align_caption\"><h1  style='font-size:36px; ' class='avia-caption-title  '  itemprop=\"name\" >Gestroom Helen<\/h1><div class='avia-caption-content  av_inherit_color'  itemprop=\"description\"   style='font-size:16px; '><p>Ideally situated in the south of the Bourgogne area and only 10 minutes from the town of Cluny and 20 minutes from the town of Macon in an idyllic setting.<\/p>\n<\/div><a href='https:\/\/www.mill-darx.com\/en\/contact\/'  class='avia-slideshow-button avia-button avia-color-light ' data-duration='800' data-easing='easeInOutQuad'>book your stay<\/a><\/div><\/div><\/div><\/div><\/div><img decoding=\"async\" class=\"wp-image-1699 avia-img-lazy-loading-not-1699\"  src=\"https:\/\/www.mill-darx.com\/wp-content\/uploads\/2021\/01\/20201230_163127-1500x430.jpg\" width=\"1500\" height=\"430\" title='20201230_163127' alt=''  itemprop=\"thumbnailUrl\"  style='min-height:430px; min-width:1500px; ' \/><div class='av-section-color-overlay' style='opacity: 0.7; background-color: #282828; '><\/div><\/div><\/li><\/ul><\/div><\/div>\n<div id='chambres'  class='avia-section main_color avia-section-huge avia-no-border-styling  avia-bg-style-scroll  avia-builder-el-1  el_after_av_slideshow_full  el_before_av_masonry_gallery   container_wrap sidebar_right' style=' '  ><div class='container' ><div class='template-page content  av-content-small alpha units'><div class='post-entry post-entry-type-page post-entry-1452'><div class='entry-content-wrapper clearfix'>\n<div class=\"flex_column av_one_fourth  flex_column_div first  avia-builder-el-2  el_before_av_one_fourth  avia-builder-el-first  \" ><p><article  class=\"iconbox iconbox_left    avia-builder-el-3  el_before_av_icon_box  avia-builder-el-first  \"  itemscope=\"itemscope\" itemtype=\"https:\/\/schema.org\/CreativeWork\" ><div class=\"iconbox_content\"><header class=\"entry-content-header\"><div class=\"iconbox_icon heading-color\" aria-hidden='true' data-av_icon='\uf108' data-av_iconfont='flaticon'  ><\/div><h3 class='iconbox_content_title  '  itemprop=\"headline\"  >2 to 6 persons<\/h3><\/header><div class='iconbox_content_container  '  itemprop=\"text\"  ><\/div><\/div><footer class=\"entry-footer\"><\/footer><\/article><br \/>\n<article  class=\"iconbox iconbox_left    avia-builder-el-4  el_after_av_icon_box  el_before_av_icon_box  \"  itemscope=\"itemscope\" itemtype=\"https:\/\/schema.org\/CreativeWork\" ><div class=\"iconbox_content\"><header class=\"entry-content-header\"><div class=\"iconbox_icon heading-color\" aria-hidden='true' data-av_icon='\uf104' data-av_iconfont='flaticon'  ><\/div><h3 class='iconbox_content_title  '  itemprop=\"headline\"  >Towels provided<\/h3><\/header><div class='iconbox_content_container  '  itemprop=\"text\"  ><\/div><\/div><footer class=\"entry-footer\"><\/footer><\/article><br \/>\n<article  class=\"iconbox iconbox_left    avia-builder-el-5  el_after_av_icon_box  el_before_av_icon_box  \"  itemscope=\"itemscope\" itemtype=\"https:\/\/schema.org\/CreativeWork\" ><div class=\"iconbox_content\"><header class=\"entry-content-header\"><div class=\"iconbox_icon heading-color\" aria-hidden='true' data-av_icon='\uf103' data-av_iconfont='flaticon'  ><\/div><h3 class='iconbox_content_title  '  itemprop=\"headline\"  >1 Doubel Bed<br \/>\n1 Bunk Bed<\/h3><\/header><div class='iconbox_content_container  '  itemprop=\"text\"  ><\/div><\/div><footer class=\"entry-footer\"><\/footer><\/article><br \/>\n<article  class=\"iconbox iconbox_left    avia-builder-el-6  el_after_av_icon_box  avia-builder-el-last  \"  itemscope=\"itemscope\" itemtype=\"https:\/\/schema.org\/CreativeWork\" ><div class=\"iconbox_content\"><header class=\"entry-content-header\"><div class=\"iconbox_icon heading-color\" aria-hidden='true' data-av_icon='\uf105' data-av_iconfont='flaticon'  ><\/div><h3 class='iconbox_content_title  '  itemprop=\"headline\"  >Linens provided<\/h3><\/header><div class='iconbox_content_container  '  itemprop=\"text\"  ><\/div><\/div><footer class=\"entry-footer\"><\/footer><\/article><\/p><\/div><div class=\"flex_column av_one_fourth  flex_column_div   avia-builder-el-7  el_after_av_one_fourth  el_before_av_one_half  \" ><p><article  class=\"iconbox iconbox_left    avia-builder-el-8  el_before_av_icon_box  avia-builder-el-first  \"  itemscope=\"itemscope\" itemtype=\"https:\/\/schema.org\/CreativeWork\" ><div class=\"iconbox_content\"><header class=\"entry-content-header\"><div class=\"iconbox_icon heading-color\" aria-hidden='true' data-av_icon='\uf102' data-av_iconfont='flaticon'  ><\/div><h3 class='iconbox_content_title  '  itemprop=\"headline\"  >Breakfast on reservation<\/h3><\/header><div class='iconbox_content_container  '  itemprop=\"text\"  ><\/div><\/div><footer class=\"entry-footer\"><\/footer><\/article><br \/>\n<article  class=\"iconbox iconbox_left    avia-builder-el-9  el_after_av_icon_box  el_before_av_icon_box  \"  itemscope=\"itemscope\" itemtype=\"https:\/\/schema.org\/CreativeWork\" ><div class=\"iconbox_content\"><header class=\"entry-content-header\"><div class=\"iconbox_icon heading-color\" aria-hidden='true' data-av_icon='\uf106' data-av_iconfont='flaticon'  ><\/div><h3 class='iconbox_content_title  '  itemprop=\"headline\"  >Wifi<\/h3><\/header><div class='iconbox_content_container  '  itemprop=\"text\"  ><\/div><\/div><footer class=\"entry-footer\"><\/footer><\/article><br \/>\n<article  class=\"iconbox iconbox_left    avia-builder-el-10  el_after_av_icon_box  el_before_av_icon_box  \"  itemscope=\"itemscope\" itemtype=\"https:\/\/schema.org\/CreativeWork\" ><div class=\"iconbox_content\"><header class=\"entry-content-header\"><div class=\"iconbox_icon heading-color\" aria-hidden='true' data-av_icon='\uf101' data-av_iconfont='flaticon'  ><\/div><h3 class='iconbox_content_title  '  itemprop=\"headline\"  >Shower<\/h3><\/header><div class='iconbox_content_container  '  itemprop=\"text\"  ><\/div><\/div><footer class=\"entry-footer\"><\/footer><\/article><br \/>\n<article  class=\"iconbox iconbox_left    avia-builder-el-11  el_after_av_icon_box  avia-builder-el-last  \"  itemscope=\"itemscope\" itemtype=\"https:\/\/schema.org\/CreativeWork\" ><div class=\"iconbox_content\"><header class=\"entry-content-header\"><div class=\"iconbox_icon heading-color\" aria-hidden='true' data-av_icon='\uf107' data-av_iconfont='flaticon'  ><\/div><h3 class='iconbox_content_title  '  itemprop=\"headline\"  >WC<\/h3><\/header><div class='iconbox_content_container  '  itemprop=\"text\"  ><\/div><\/div><footer class=\"entry-footer\"><\/footer><\/article><\/p><\/div><div class=\"flex_column av_one_half  flex_column_div   avia-builder-el-12  el_after_av_one_fourth  el_before_av_one_half  \" ><p><div  style='padding-bottom:40px; color:#ccab69;' class='av-special-heading av-special-heading-h2 custom-color-heading blockquote modern-quote  avia-builder-el-13  el_before_av_textblock  avia-builder-el-first  '><h2 class='av-special-heading-tag '  itemprop=\"headline\"  >Bedroom <span class='special_amp'>&#8220;<\/span>Helene<span class='special_amp'>&#8221;<\/span><\/h2><div class='special-heading-border'><div class='special-heading-inner-border' style='border-color:#ccab69'><\/div><\/div><\/div><br \/>\n<section class=\"av_textblock_section \"  itemscope=\"itemscope\" itemtype=\"https:\/\/schema.org\/CreativeWork\" ><div class='avia_textblock tarif '   itemprop=\"text\" ><p class=\"p1\"><span class=\"s1\">95 \u20ac \u00e0 135 \u20ac \/ night<\/span><\/p>\n<\/div><\/section><br \/>\n<section class=\"av_textblock_section \"  itemscope=\"itemscope\" itemtype=\"https:\/\/schema.org\/CreativeWork\" ><div class='avia_textblock  '   itemprop=\"text\" ><p>This room is reached by a covered external gallery typical of the region. Helene is large and cosy being 24 square metres in size Furnished with a double bed (160&#215;200) and bunk beds it can sleep between 2 and 6 people as it also has a lounge with a convertible sofa. There is a TV and kettle for use by guests and a bathroom with shower.<\/p>\n<\/div><\/section><\/p><\/div><div class=\"flex_column av_one_half  flex_column_div av-zero-column-padding first  avia-builder-el-16  el_after_av_one_half  el_before_av_one_half  column-top-margin\" style='border-radius:0px; '><article  class=\"iconbox iconbox_top main_color    avia-builder-el-17  avia-builder-el-no-sibling  \"  itemscope=\"itemscope\" itemtype=\"https:\/\/schema.org\/CreativeWork\" ><div class=\"iconbox_content\"><header class=\"entry-content-header\"><div class=\"iconbox_icon heading-color\" aria-hidden='true' data-av_icon='\ue812' data-av_iconfont='entypo-fontello'  ><\/div><h3 class='iconbox_content_title  '  itemprop=\"headline\"  >Protocole sanitaire<\/h3><\/header><div class='iconbox_content_container  '  itemprop=\"text\"  ><p>A\u00e9ration des pi\u00e8ces avant et pendant le m\u00e9nage,<br \/>\nNettoyage des surfaces puis d\u00e9sinfection avec produit homologu\u00e9. Une attention particuli\u00e8re est port\u00e9e aux \u00e9l\u00e9ments fr\u00e9quemment touch\u00e9s : poign\u00e9es de porte, interrupteurs, t\u00e9l\u00e9commandes\u2026,<br \/>\nLavage du linge de maison \u00e0 temp\u00e9rature \u00e9lev\u00e9e,<br \/>\nLavage de la vaisselle \u00e0 temp\u00e9rature \u00e9lev\u00e9e.<\/p>\n<\/div><\/div><footer class=\"entry-footer\"><\/footer><\/article><\/div><div class=\"flex_column av_one_half  flex_column_div av-zero-column-padding   avia-builder-el-18  el_after_av_one_half  avia-builder-el-last  column-top-margin\" style='border-radius:0px; '><article  class=\"iconbox iconbox_top main_color    avia-builder-el-19  avia-builder-el-no-sibling  \"  itemscope=\"itemscope\" itemtype=\"https:\/\/schema.org\/CreativeWork\" ><div class=\"iconbox_content\"><header class=\"entry-content-header\"><div class=\"iconbox_icon heading-color\" aria-hidden='true' data-av_icon='\uf102' data-av_iconfont='flaticon'  ><\/div><h3 class='iconbox_content_title  '  itemprop=\"headline\"  >Breakfast 10,00 \u20ac<\/h3><\/header><div class='iconbox_content_container  '  itemprop=\"text\"  ><p>A tasty breakfast awaits you with my personal touch: homemade jams and bread.<br \/>\n(muesli, bread, jams, cold cuts, cheese)<\/p>\n<\/div><\/div><footer class=\"entry-footer\"><\/footer><\/article><\/div><div id='av-masonry-1' class='av-masonry  noHover av-fixed-size av-large-gap av-hover-overlay-active av-masonry-animation-active av-masonry-col-flexible av-caption-always av-caption-style- av-masonry-gallery     '  ><div class='av-masonry-container isotope av-js-disabled ' ><div class='av-masonry-entry isotope-item av-masonry-item-no-image '><\/div><a href=\"https:\/\/www.mill-darx.com\/wp-content\/uploads\/2021\/01\/20201230_163127-773x1030.jpg\"  aria-label=\"image 20201230_163127\"  id='av-masonry-1-item-1699' data-av-masonry-item='1699' class='av-masonry-entry isotope-item post-1699 attachment type-attachment status-inherit hentry  av-masonry-item-with-image' title=\"20201230_163127\" alt=\"\"   itemprop=\"thumbnailUrl\" ><div class='av-inner-masonry-sizer'><\/div><figure class='av-inner-masonry main_color'><div class=\"av-masonry-outerimage-container\"><div class=\"av-masonry-image-container\" style=\"background-image: url(https:\/\/www.mill-darx.com\/wp-content\/uploads\/2021\/01\/20201230_163127-529x705.jpg);\" title=\"20201230_163127\" ><\/div><\/div><\/figure><\/a><!--end av-masonry entry--><a href=\"https:\/\/www.mill-darx.com\/wp-content\/uploads\/2021\/01\/20201230_163415-773x1030.jpg\"  aria-label=\"image 20201230_163415\"  id='av-masonry-1-item-1651' data-av-masonry-item='1651' class='av-masonry-entry isotope-item post-1651 attachment type-attachment status-inherit hentry  av-masonry-item-with-image' title=\"20201230_163415\" alt=\"\"   itemprop=\"thumbnailUrl\" ><div class='av-inner-masonry-sizer'><\/div><figure class='av-inner-masonry main_color'><div class=\"av-masonry-outerimage-container\"><div class=\"av-masonry-image-container\" style=\"background-image: url(https:\/\/www.mill-darx.com\/wp-content\/uploads\/2021\/01\/20201230_163415-529x705.jpg);\" title=\"20201230_163415\" ><\/div><\/div><\/figure><\/a><!--end av-masonry entry--><a href=\"https:\/\/www.mill-darx.com\/wp-content\/uploads\/2021\/01\/20201230_163035-773x1030.jpg\"  aria-label=\"image 20201230_163035\"  id='av-masonry-1-item-1645' data-av-masonry-item='1645' class='av-masonry-entry isotope-item post-1645 attachment type-attachment status-inherit hentry  av-masonry-item-with-image' title=\"20201230_163035\" alt=\"\"   itemprop=\"thumbnailUrl\" ><div class='av-inner-masonry-sizer'><\/div><figure class='av-inner-masonry main_color'><div class=\"av-masonry-outerimage-container\"><div class=\"av-masonry-image-container\" style=\"background-image: url(https:\/\/www.mill-darx.com\/wp-content\/uploads\/2021\/01\/20201230_163035-529x705.jpg);\" title=\"20201230_163035\" ><\/div><\/div><\/figure><\/a><!--end av-masonry entry--><a href=\"https:\/\/www.mill-darx.com\/wp-content\/uploads\/2021\/01\/20201230_163249-773x1030.jpg\"  aria-label=\"image 20201230_163249\"  id='av-masonry-1-item-1654' data-av-masonry-item='1654' class='av-masonry-entry isotope-item post-1654 attachment type-attachment status-inherit hentry  av-masonry-item-with-image' title=\"20201230_163249\" alt=\"\"   itemprop=\"thumbnailUrl\" ><div class='av-inner-masonry-sizer'><\/div><figure class='av-inner-masonry main_color'><div class=\"av-masonry-outerimage-container\"><div class=\"av-masonry-image-container\" style=\"background-image: url(https:\/\/www.mill-darx.com\/wp-content\/uploads\/2021\/01\/20201230_163249-529x705.jpg);\" title=\"20201230_163249\" ><\/div><\/div><\/figure><\/a><!--end av-masonry entry--><a href=\"https:\/\/www.mill-darx.com\/wp-content\/uploads\/2021\/01\/20201230_163119-773x1030.jpg\"  aria-label=\"image 20201230_163119\"  id='av-masonry-1-item-1648' data-av-masonry-item='1648' class='av-masonry-entry isotope-item post-1648 attachment type-attachment status-inherit hentry  av-masonry-item-with-image' title=\"20201230_163119\" alt=\"\"   itemprop=\"thumbnailUrl\" ><div class='av-inner-masonry-sizer'><\/div><figure class='av-inner-masonry main_color'><div class=\"av-masonry-outerimage-container\"><div class=\"av-masonry-image-container\" style=\"background-image: url(https:\/\/www.mill-darx.com\/wp-content\/uploads\/2021\/01\/20201230_163119-529x705.jpg);\" title=\"20201230_163119\" ><\/div><\/div><\/figure><\/a><!--end av-masonry entry--><a href=\"https:\/\/www.mill-darx.com\/wp-content\/uploads\/2021\/01\/20201230_162946-773x1030.jpg\"  aria-label=\"image 20201230_162946\"  id='av-masonry-1-item-1642' data-av-masonry-item='1642' class='av-masonry-entry isotope-item post-1642 attachment type-attachment status-inherit hentry  av-masonry-item-with-image' title=\"20201230_162946\" alt=\"\"   itemprop=\"thumbnailUrl\" ><div class='av-inner-masonry-sizer'><\/div><figure class='av-inner-masonry main_color'><div class=\"av-masonry-outerimage-container\"><div class=\"av-masonry-image-container\" style=\"background-image: url(https:\/\/www.mill-darx.com\/wp-content\/uploads\/2021\/01\/20201230_162946-529x705.jpg);\" title=\"20201230_162946\" ><\/div><\/div><\/figure><\/a><!--end av-masonry entry--><\/div><\/div><\/p>\n<div id='av_section_2'  class='avia-section alternate_color avia-section-default avia-no-border-styling  avia-bg-style-scroll  avia-builder-el-21  el_after_av_masonry_gallery  el_before_av_section   container_wrap sidebar_right' style=' '  ><div class='container' ><div class='template-page content  av-content-small alpha units'><div class='post-entry post-entry-type-page post-entry-1452'><div class='entry-content-wrapper clearfix'>\n<div  style='height:30px' class='hr hr-invisible   avia-builder-el-22  el_before_av_image  avia-builder-el-first '><span class='hr-inner ' ><span class='hr-inner-style'><\/span><\/span><\/div>\n<div  class='avia-image-container  av-styling-    avia-builder-el-23  el_after_av_hr  el_before_av_testimonials  avia-align-center '  itemprop=\"image\" itemscope=\"itemscope\" itemtype=\"https:\/\/schema.org\/ImageObject\"  ><div class='avia-image-container-inner'><div class='avia-image-overlay-wrap'><img decoding=\"async\" class='wp-image-1357 avia-img-lazy-loading-not-1357 avia_image' src=\"https:\/\/www.mill-darx.com\/wp-content\/uploads\/2020\/12\/guillemets.png\" alt='' title='guillemets' height=\"58\" width=\"72\"  itemprop=\"thumbnailUrl\"  \/><\/div><\/div><\/div>\n<div   data-autoplay='1'  data-interval='5'  data-animation='fade'  data-hoverpause='1'  class='avia-testimonial-wrapper avia-slider-testimonials avia-slider-2-testimonials avia_animate_when_almost_visible  av-large-testimonial-slider  '>\n<section class ='avia-testimonial-row'><div class='avia-testimonial av_one_half flex_column no_margin avia-testimonial-row-1 avia-first-testimonial' ><div class='avia-testimonial_inner'  itemscope=\"itemscope\" itemtype=\"https:\/\/schema.org\/CreativeWork\" ><div class='avia-testimonial-content '  ><div class='avia-testimonial-markup-entry-content'  itemprop=\"text\" ><p>A warm welcome, a truly atypical room, the breakfast is plentiful. Ideally located in the heart of M\u00e2connais. We had a very pleasant stay. A base to recommend! Whether for two nights or a week!<\/p>\n<\/div><\/div><div class='avia-testimonial-meta'><div class='avia-testimonial-arrow-wrap'><div class='avia-arrow'><\/div><\/div><div class='avia-testimonial-meta-mini'  itemprop=\"author\" itemscope=\"itemscope\" itemtype=\"https:\/\/schema.org\/Person\" ><strong  class='avia-testimonial-name'    itemprop=\"name\" >Laurie Girard<\/strong><\/div><\/div><\/div><\/div>\n<\/section><div class='avia-slideshow-arrows avia-slideshow-controls' ><a href='#prev' class='prev-slide' aria-hidden='true' data-av_icon='\ue87c' data-av_iconfont='entypo-fontello'>Previous<\/a><a href='#next' class='next-slide' aria-hidden='true' data-av_icon='\ue87d' data-av_iconfont='entypo-fontello'>Next<\/a><\/div><\/div>\n\n<\/div><\/div><\/div><!-- close content main div --><\/div><\/div><div id='av_section_3'  class='avia-section main_color avia-section-default avia-no-border-styling  avia-bg-style-scroll  avia-builder-el-25  el_after_av_section  avia-builder-el-last   container_wrap sidebar_right' style=' '  ><div class='container' ><div class='template-page content  av-content-small alpha units'><div class='post-entry post-entry-type-page post-entry-1452'><div class='entry-content-wrapper clearfix'>\n<div  style='padding-bottom:10px; ' class='av-special-heading av-special-heading-h2  blockquote modern-quote modern-centered  avia-builder-el-26  el_before_av_hr  avia-builder-el-first  '><h2 class='av-special-heading-tag '  itemprop=\"headline\"  >Book your stay<\/h2><div class ='av-subheading av-subheading_below  ' style='font-size:22px;'><p>Contact us now to reserve your room.<\/p>\n<\/div><div class='special-heading-border'><div class='special-heading-inner-border' ><\/div><\/div><\/div>\n<div  style='height:30px' class='hr hr-invisible   avia-builder-el-27  el_after_av_heading  el_before_av_button '><span class='hr-inner ' ><span class='hr-inner-style'><\/span><\/span><\/div>\n<div  class='avia-button-wrap avia-button-center  avia-builder-el-28  el_after_av_hr  avia-builder-el-last ' ><a href='https:\/\/www.mill-darx.com\/en\/contact\/'  class='avia-button  avia-color-light   avia-icon_select-no avia-size-large avia-position-center '   ><span class='avia_iconbox_title' >I book !<\/span><\/a><\/div>\n<\/div><\/div><\/div><!-- close content main div --><\/div><\/div><div id='after_section_3'  class='main_color av_default_container_wrap container_wrap sidebar_right' style=' '  ><div class='container' ><div class='template-page content  av-content-small alpha units'><div class='post-entry post-entry-type-page post-entry-1452'><div class='entry-content-wrapper clearfix'>\n","protected":false},"excerpt":{"rendered":"","protected":false},"author":1,"featured_media":0,"parent":1409,"menu_order":0,"comment_status":"closed","ping_status":"closed","template":"","meta":{"footnotes":""},"class_list":["post-1452","page","type-page","status-publish","hentry"],"yoast_head":"<!-- This site is optimized with the Yoast SEO plugin v19.10 - https:\/\/yoast.com\/wordpress\/plugins\/seo\/ -->\n<title>Helene - Mill d&#039;Arx<\/title>\n<meta name=\"robots\" content=\"index, follow, max-snippet:-1, max-image-preview:large, max-video-preview:-1\" \/>\n<link rel=\"canonical\" href=\"https:\/\/www.mill-darx.com\/en\/rooms\/helen\/\" \/>\n<meta property=\"og:locale\" content=\"en_US\" \/>\n<meta property=\"og:type\" content=\"article\" \/>\n<meta property=\"og:title\" content=\"Helene - Mill d&#039;Arx\" \/>\n<meta property=\"og:url\" content=\"https:\/\/www.mill-darx.com\/en\/rooms\/helen\/\" \/>\n<meta property=\"og:site_name\" content=\"Mill d&#039;Arx\" \/>\n<meta property=\"article:modified_time\" content=\"2026-02-28T21:34:18+00:00\" \/>\n<meta name=\"twitter:card\" content=\"summary_large_image\" \/>\n<meta name=\"twitter:label1\" content=\"Est. reading time\" \/>\n\t<meta name=\"twitter:data1\" content=\"6 minutes\" \/>\n<script type=\"application\/ld+json\" class=\"yoast-schema-graph\">{\"@context\":\"https:\/\/schema.org\",\"@graph\":[{\"@type\":\"WebPage\",\"@id\":\"https:\/\/www.mill-darx.com\/en\/rooms\/helen\/\",\"url\":\"https:\/\/www.mill-darx.com\/en\/rooms\/helen\/\",\"name\":\"Helene - Mill d&#039;Arx\",\"isPartOf\":{\"@id\":\"https:\/\/www.mill-darx.com\/en\/#website\"},\"datePublished\":\"2020-12-17T13:55:55+00:00\",\"dateModified\":\"2026-02-28T21:34:18+00:00\",\"breadcrumb\":{\"@id\":\"https:\/\/www.mill-darx.com\/en\/rooms\/helen\/#breadcrumb\"},\"inLanguage\":\"en-US\",\"potentialAction\":[{\"@type\":\"ReadAction\",\"target\":[\"https:\/\/www.mill-darx.com\/en\/rooms\/helen\/\"]}]},{\"@type\":\"BreadcrumbList\",\"@id\":\"https:\/\/www.mill-darx.com\/en\/rooms\/helen\/#breadcrumb\",\"itemListElement\":[{\"@type\":\"ListItem\",\"position\":1,\"name\":\"Accueil\",\"item\":\"https:\/\/www.mill-darx.com\/en\/home\/\"},{\"@type\":\"ListItem\",\"position\":2,\"name\":\"Rooms\",\"item\":\"https:\/\/www.mill-darx.com\/en\/rooms\/\"},{\"@type\":\"ListItem\",\"position\":3,\"name\":\"Helene\"}]},{\"@type\":\"WebSite\",\"@id\":\"https:\/\/www.mill-darx.com\/en\/#website\",\"url\":\"https:\/\/www.mill-darx.com\/en\/\",\"name\":\"Mill d&#039;Arx\",\"description\":\"Chambres d&#039;h\u00f4tes de charme\",\"potentialAction\":[{\"@type\":\"SearchAction\",\"target\":{\"@type\":\"EntryPoint\",\"urlTemplate\":\"https:\/\/www.mill-darx.com\/en\/?s={search_term_string}\"},\"query-input\":\"required name=search_term_string\"}],\"inLanguage\":\"en-US\"}]}<\/script>\n<!-- \/ Yoast SEO plugin. -->","yoast_head_json":{"title":"Helene - Mill d&#039;Arx","robots":{"index":"index","follow":"follow","max-snippet":"max-snippet:-1","max-image-preview":"max-image-preview:large","max-video-preview":"max-video-preview:-1"},"canonical":"https:\/\/www.mill-darx.com\/en\/rooms\/helen\/","og_locale":"en_US","og_type":"article","og_title":"Helene - Mill d&#039;Arx","og_url":"https:\/\/www.mill-darx.com\/en\/rooms\/helen\/","og_site_name":"Mill d&#039;Arx","article_modified_time":"2026-02-28T21:34:18+00:00","twitter_card":"summary_large_image","twitter_misc":{"Est. reading time":"6 minutes"},"schema":{"@context":"https:\/\/schema.org","@graph":[{"@type":"WebPage","@id":"https:\/\/www.mill-darx.com\/en\/rooms\/helen\/","url":"https:\/\/www.mill-darx.com\/en\/rooms\/helen\/","name":"Helene - Mill d&#039;Arx","isPartOf":{"@id":"https:\/\/www.mill-darx.com\/en\/#website"},"datePublished":"2020-12-17T13:55:55+00:00","dateModified":"2026-02-28T21:34:18+00:00","breadcrumb":{"@id":"https:\/\/www.mill-darx.com\/en\/rooms\/helen\/#breadcrumb"},"inLanguage":"en-US","potentialAction":[{"@type":"ReadAction","target":["https:\/\/www.mill-darx.com\/en\/rooms\/helen\/"]}]},{"@type":"BreadcrumbList","@id":"https:\/\/www.mill-darx.com\/en\/rooms\/helen\/#breadcrumb","itemListElement":[{"@type":"ListItem","position":1,"name":"Accueil","item":"https:\/\/www.mill-darx.com\/en\/home\/"},{"@type":"ListItem","position":2,"name":"Rooms","item":"https:\/\/www.mill-darx.com\/en\/rooms\/"},{"@type":"ListItem","position":3,"name":"Helene"}]},{"@type":"WebSite","@id":"https:\/\/www.mill-darx.com\/en\/#website","url":"https:\/\/www.mill-darx.com\/en\/","name":"Mill d&#039;Arx","description":"Chambres d&#039;h\u00f4tes de charme","potentialAction":[{"@type":"SearchAction","target":{"@type":"EntryPoint","urlTemplate":"https:\/\/www.mill-darx.com\/en\/?s={search_term_string}"},"query-input":"required name=search_term_string"}],"inLanguage":"en-US"}]}},"_links":{"self":[{"href":"https:\/\/www.mill-darx.com\/en\/wp-json\/wp\/v2\/pages\/1452","targetHints":{"allow":["GET"]}}],"collection":[{"href":"https:\/\/www.mill-darx.com\/en\/wp-json\/wp\/v2\/pages"}],"about":[{"href":"https:\/\/www.mill-darx.com\/en\/wp-json\/wp\/v2\/types\/page"}],"author":[{"embeddable":true,"href":"https:\/\/www.mill-darx.com\/en\/wp-json\/wp\/v2\/users\/1"}],"replies":[{"embeddable":true,"href":"https:\/\/www.mill-darx.com\/en\/wp-json\/wp\/v2\/comments?post=1452"}],"version-history":[{"count":35,"href":"https:\/\/www.mill-darx.com\/en\/wp-json\/wp\/v2\/pages\/1452\/revisions"}],"predecessor-version":[{"id":2895,"href":"https:\/\/www.mill-darx.com\/en\/wp-json\/wp\/v2\/pages\/1452\/revisions\/2895"}],"up":[{"embeddable":true,"href":"https:\/\/www.mill-darx.com\/en\/wp-json\/wp\/v2\/pages\/1409"}],"wp:attachment":[{"href":"https:\/\/www.mill-darx.com\/en\/wp-json\/wp\/v2\/media?parent=1452"}],"curies":[{"name":"wp","href":"https:\/\/api.w.org\/{rel}","templated":true}]}}