{"id":1430,"date":"2020-12-16T17:57:43","date_gmt":"2020-12-16T16:57:43","guid":{"rendered":"https:\/\/www.mill-darx.com\/?page_id=1430"},"modified":"2026-02-28T22:32:11","modified_gmt":"2026-02-28T21:32:11","slug":"charlotte","status":"publish","type":"page","link":"https:\/\/www.mill-darx.com\/de\/zimmer\/charlotte\/","title":{"rendered":"Charlotte"},"content":{"rendered":"<div id='full_slider_1'  class='avia-fullwidth-slider main_color avia-shadow   avia-builder-el-0  el_before_av_section  avia-builder-el-first   container_wrap sidebar_right' style=' '  ><div   data-size='featured'  data-lightbox_size='large'  data-animation='fade'  data-conditional_play=''  data-ids='2380'  data-video_counter='0'  data-autoplay='false'  data-bg_slider='false'  data-slide_height=''  data-handle='av_slideshow_full'  data-interval='6'  data-class=' '  data-el_id=''  data-css_id=''  data-scroll_down=''  data-control_layout='av-control-default'  data-custom_markup=''  data-perma_caption=''  data-autoplay_stopper=''  data-image_attachment=''  data-min_height='430px'  data-lazy_loading='disabled'  data-src=''  data-position='top left'  data-repeat='no-repeat'  data-attach='scroll'  data-stretch=''  data-default-height='28.666666666667'  class='avia-slideshow avia-slideshow-1  av-control-default av-default-height-applied avia-slideshow-featured av_slideshow_full   avia-fade-slider '  itemprop=\"image\" itemscope=\"itemscope\" itemtype=\"https:\/\/schema.org\/ImageObject\" ><ul class='avia-slideshow-inner ' style='padding-bottom: 28.666666666667%;' ><li  class=' av-single-slide slide-1 ' ><div data-rel='slideshow-1' class='avia-slide-wrap '   ><div class = \"caption_fullwidth av-slideshow-caption caption_center\"><div class = \"container caption_container\"><div class = \"slideshow_caption\"><div class = \"slideshow_inner_caption\"><div class = \"slideshow_align_caption\"><h1  style='font-size:36px; ' class='avia-caption-title  '  itemprop=\"name\" >Zimmer Charlotte<\/h1><div class='avia-caption-content  av_inherit_color'  itemprop=\"description\"   style='font-size:16px; '><p>Ideal gelegen im S\u00fcden vom Burgund, nur 10 Minuten von der Stadt Cluny<br \/>\nund 20 Minuten von der Stadt M\u00e2con entfernt, in einer idyllischen Umgebung<\/p>\n<\/div><a href='https:\/\/www.mill-darx.com\/de\/zimmer\/'  class='avia-slideshow-button avia-button avia-color-light ' data-duration='800' data-easing='easeInOutQuad'>Zimmer Reservierung<\/a><\/div><\/div><\/div><\/div><\/div><img decoding=\"async\" class=\"wp-image-2380 avia-img-lazy-loading-not-2380\"  src=\"https:\/\/www.mill-darx.com\/wp-content\/uploads\/2021\/02\/20210209_163755-1500x430.jpg\" width=\"1500\" height=\"430\" title='20210209_163755' alt=''  itemprop=\"thumbnailUrl\"  style='min-height:430px; min-width:1500px; ' \/><div class='av-section-color-overlay' style='opacity: 0.7; background-color: #282828; '><\/div><\/div><\/li><\/ul><\/div><\/div>\n<div id='chambres'  class='avia-section main_color avia-section-huge avia-no-border-styling  avia-bg-style-scroll  avia-builder-el-1  el_after_av_slideshow_full  el_before_av_masonry_gallery   container_wrap sidebar_right' style=' '  ><div class='container' ><div class='template-page content  av-content-small alpha units'><div class='post-entry post-entry-type-page post-entry-1430'><div class='entry-content-wrapper clearfix'>\n<div class=\"flex_column av_one_fourth  flex_column_div first  avia-builder-el-2  el_before_av_one_fourth  avia-builder-el-first  \" ><p><article  class=\"iconbox iconbox_left    avia-builder-el-3  el_before_av_icon_box  avia-builder-el-first  \"  itemscope=\"itemscope\" itemtype=\"https:\/\/schema.org\/CreativeWork\" ><div class=\"iconbox_content\"><header class=\"entry-content-header\"><div class=\"iconbox_icon heading-color\" aria-hidden='true' data-av_icon='\uf108' data-av_iconfont='flaticon'  ><\/div><h3 class='iconbox_content_title  '  itemprop=\"headline\"  >bis 4 Personen<\/h3><\/header><div class='iconbox_content_container  '  itemprop=\"text\"  ><\/div><\/div><footer class=\"entry-footer\"><\/footer><\/article><br \/>\n<article  class=\"iconbox iconbox_left    avia-builder-el-4  el_after_av_icon_box  el_before_av_icon_box  \"  itemscope=\"itemscope\" itemtype=\"https:\/\/schema.org\/CreativeWork\" ><div class=\"iconbox_content\"><header class=\"entry-content-header\"><div class=\"iconbox_icon heading-color\" aria-hidden='true' data-av_icon='\uf104' data-av_iconfont='flaticon'  ><\/div><h3 class='iconbox_content_title  '  itemprop=\"headline\"  >Handt\u00fccher inklusiv<\/h3><\/header><div class='iconbox_content_container  '  itemprop=\"text\"  ><\/div><\/div><footer class=\"entry-footer\"><\/footer><\/article><br \/>\n<article  class=\"iconbox iconbox_left    avia-builder-el-5  el_after_av_icon_box  el_before_av_icon_box  \"  itemscope=\"itemscope\" itemtype=\"https:\/\/schema.org\/CreativeWork\" ><div class=\"iconbox_content\"><header class=\"entry-content-header\"><div class=\"iconbox_icon heading-color\" aria-hidden='true' data-av_icon='\uf103' data-av_iconfont='flaticon'  ><\/div><h3 class='iconbox_content_title  '  itemprop=\"headline\"  >1 Doppelbett<br \/>\n2 Einzelbetten<\/h3><\/header><div class='iconbox_content_container  '  itemprop=\"text\"  ><\/div><\/div><footer class=\"entry-footer\"><\/footer><\/article><br \/>\n<article  class=\"iconbox iconbox_left    avia-builder-el-6  el_after_av_icon_box  avia-builder-el-last  \"  itemscope=\"itemscope\" itemtype=\"https:\/\/schema.org\/CreativeWork\" ><div class=\"iconbox_content\"><header class=\"entry-content-header\"><div class=\"iconbox_icon heading-color\" aria-hidden='true' data-av_icon='\uf105' data-av_iconfont='flaticon'  ><\/div><h3 class='iconbox_content_title  '  itemprop=\"headline\"  >Bettw\u00e4sche inklusiv<\/h3><\/header><div class='iconbox_content_container  '  itemprop=\"text\"  ><\/div><\/div><footer class=\"entry-footer\"><\/footer><\/article><\/p><\/div><div class=\"flex_column av_one_fourth  flex_column_div   avia-builder-el-7  el_after_av_one_fourth  el_before_av_one_half  \" ><p><article  class=\"iconbox iconbox_left    avia-builder-el-8  el_before_av_icon_box  avia-builder-el-first  \"  itemscope=\"itemscope\" itemtype=\"https:\/\/schema.org\/CreativeWork\" ><div class=\"iconbox_content\"><header class=\"entry-content-header\"><div class=\"iconbox_icon heading-color\" aria-hidden='true' data-av_icon='\uf102' data-av_iconfont='flaticon'  ><\/div><h3 class='iconbox_content_title  '  itemprop=\"headline\"  >Fr\u00fchst\u00fcck auf Reservierung<\/h3><\/header><div class='iconbox_content_container  '  itemprop=\"text\"  ><\/div><\/div><footer class=\"entry-footer\"><\/footer><\/article><br \/>\n<article  class=\"iconbox iconbox_left    avia-builder-el-9  el_after_av_icon_box  el_before_av_icon_box  \"  itemscope=\"itemscope\" itemtype=\"https:\/\/schema.org\/CreativeWork\" ><div class=\"iconbox_content\"><header class=\"entry-content-header\"><div class=\"iconbox_icon heading-color\" aria-hidden='true' data-av_icon='\uf106' data-av_iconfont='flaticon'  ><\/div><h3 class='iconbox_content_title  '  itemprop=\"headline\"  >Wifi<\/h3><\/header><div class='iconbox_content_container  '  itemprop=\"text\"  ><\/div><\/div><footer class=\"entry-footer\"><\/footer><\/article><br \/>\n<article  class=\"iconbox iconbox_left    avia-builder-el-10  el_after_av_icon_box  el_before_av_icon_box  \"  itemscope=\"itemscope\" itemtype=\"https:\/\/schema.org\/CreativeWork\" ><div class=\"iconbox_content\"><header class=\"entry-content-header\"><div class=\"iconbox_icon heading-color\" aria-hidden='true' data-av_icon='\uf101' data-av_iconfont='flaticon'  ><\/div><h3 class='iconbox_content_title  '  itemprop=\"headline\"  >Dusche<\/h3><\/header><div class='iconbox_content_container  '  itemprop=\"text\"  ><\/div><\/div><footer class=\"entry-footer\"><\/footer><\/article><br \/>\n<article  class=\"iconbox iconbox_left    avia-builder-el-11  el_after_av_icon_box  avia-builder-el-last  \"  itemscope=\"itemscope\" itemtype=\"https:\/\/schema.org\/CreativeWork\" ><div class=\"iconbox_content\"><header class=\"entry-content-header\"><div class=\"iconbox_icon heading-color\" aria-hidden='true' data-av_icon='\uf107' data-av_iconfont='flaticon'  ><\/div><h3 class='iconbox_content_title  '  itemprop=\"headline\"  >WC<\/h3><\/header><div class='iconbox_content_container  '  itemprop=\"text\"  ><\/div><\/div><footer class=\"entry-footer\"><\/footer><\/article><\/p><\/div><div class=\"flex_column av_one_half  flex_column_div   avia-builder-el-12  el_after_av_one_fourth  el_before_av_one_half  \" ><p><div  style='padding-bottom:40px; color:#ccab69;' class='av-special-heading av-special-heading-h2 custom-color-heading blockquote modern-quote  avia-builder-el-13  el_before_av_textblock  avia-builder-el-first  '><h2 class='av-special-heading-tag '  itemprop=\"headline\"  >Schlafzimmer <span class='special_amp'>&#8222;<\/span>Charlotte<span class='special_amp'>&#8220;<\/span><\/h2><div class='special-heading-border'><div class='special-heading-inner-border' style='border-color:#ccab69'><\/div><\/div><\/div><br \/>\n<section class=\"av_textblock_section \"  itemscope=\"itemscope\" itemtype=\"https:\/\/schema.org\/CreativeWork\" ><div class='avia_textblock tarif '   itemprop=\"text\" ><p class=\"p1\"><span class=\"s1\">85 &#8211; 105 \u20ac \/ Nacht <\/span><\/p>\n<\/div><\/section><br \/>\n<section class=\"av_textblock_section \"  itemscope=\"itemscope\" itemtype=\"https:\/\/schema.org\/CreativeWork\" ><div class='avia_textblock  '   itemprop=\"text\" ><p>Im Obergeschoss liegt das romantische Zimmer CHARLOTTE. Die Dachschr\u00e4ge mit den Sichtbalken und Burgunder Fenstern verleihen dem Zimmer einen besonderen Charme. Eingerichtet ist es mit einem Doppelbett (160&#215;200) und einer gem\u00fctlichen Sitzecke , TV und Wasserkocher. Es hat ein zweites Zimmer mit 2 separaten Betten (je 90&#215;190), sowie ein eigenes Badezimmer mit WC &amp; Dusche. Es bietet Platz bis zu 4 Personen.<\/p>\n<\/div><\/section><\/p><\/div><div class=\"flex_column av_one_half  flex_column_div av-zero-column-padding first  avia-builder-el-16  el_after_av_one_half  el_before_av_one_half  column-top-margin\" style='border-radius:0px; '><article  class=\"iconbox iconbox_top main_color    avia-builder-el-17  avia-builder-el-no-sibling  \"  itemscope=\"itemscope\" itemtype=\"https:\/\/schema.org\/CreativeWork\" ><div class=\"iconbox_content\"><header class=\"entry-content-header\"><div class=\"iconbox_icon heading-color\" aria-hidden='true' data-av_icon='\ue812' data-av_iconfont='entypo-fontello'  ><\/div><h3 class='iconbox_content_title  '  itemprop=\"headline\"  >Reinigungsprotokoll<\/h3><\/header><div class='iconbox_content_container  '  itemprop=\"text\"  ><p>Die Zimmer werden vor und nach der Reinigung gel\u00fcftet.<\/p>\n<p>Die Oberfl\u00e4chen werden gereinigt und danach desinfiziert. Besonderes Augenmerk wird auf h\u00e4ufig angefasste Gegenst\u00e4nde gelegt: T\u00fcrgriffe, Schalter, Fernbedienung&#8230;&#8230;..<\/p>\n<p>Die W\u00e4sche wird bei hoher Temperatur gewaschen. Das Geschirr wird mit hoher Temperatur gesp\u00fclt.<\/p>\n<\/div><\/div><footer class=\"entry-footer\"><\/footer><\/article><\/div><div class=\"flex_column av_one_half  flex_column_div av-zero-column-padding   avia-builder-el-18  el_after_av_one_half  avia-builder-el-last  column-top-margin\" style='border-radius:0px; '><article  class=\"iconbox iconbox_top main_color    avia-builder-el-19  avia-builder-el-no-sibling  \"  itemscope=\"itemscope\" itemtype=\"https:\/\/schema.org\/CreativeWork\" ><div class=\"iconbox_content\"><header class=\"entry-content-header\"><div class=\"iconbox_icon heading-color\" aria-hidden='true' data-av_icon='\uf102' data-av_iconfont='flaticon'  ><\/div><h3 class='iconbox_content_title  '  itemprop=\"headline\"  >Fr\u00fchst\u00fcck 10,00 \u20ac<\/h3><\/header><div class='iconbox_content_container  '  itemprop=\"text\"  ><p>Ein leckeres Fr\u00fchst\u00fcck erwartet Sie mit meiner pers\u00f6nlichen Note: hausgemachte Marmeladen und Brot.<br \/>\n(M\u00fcsli, Brot, Marmelade, Aufschnitt, K\u00e4se)<\/p>\n<\/div><\/div><footer class=\"entry-footer\"><\/footer><\/article><\/div><div id='av-masonry-1' class='av-masonry  noHover av-fixed-size av-large-gap av-hover-overlay-active av-masonry-animation-active av-masonry-col-flexible av-caption-always av-caption-style- av-masonry-gallery     '  ><div class='av-masonry-container isotope av-js-disabled ' ><div class='av-masonry-entry isotope-item av-masonry-item-no-image '><\/div><a href=\"https:\/\/www.mill-darx.com\/wp-content\/uploads\/2021\/01\/20201230_163750-773x1030.jpg\"  aria-label=\"image 20201230_163750\"  id='av-masonry-1-item-1659' data-av-masonry-item='1659' class='av-masonry-entry isotope-item post-1659 attachment type-attachment status-inherit hentry  av-masonry-item-with-image' title=\"20201230_163750\" alt=\"\"   itemprop=\"thumbnailUrl\" ><div class='av-inner-masonry-sizer'><\/div><figure class='av-inner-masonry main_color'><div class=\"av-masonry-outerimage-container\"><div class=\"av-masonry-image-container\" style=\"background-image: url(https:\/\/www.mill-darx.com\/wp-content\/uploads\/2021\/01\/20201230_163750-529x705.jpg);\" title=\"20201230_163750\" ><\/div><\/div><\/figure><\/a><!--end av-masonry entry--><a href=\"https:\/\/www.mill-darx.com\/wp-content\/uploads\/2021\/01\/20201230_163745-773x1030.jpg\"  aria-label=\"image 20201230_163745\"  id='av-masonry-1-item-1656' data-av-masonry-item='1656' class='av-masonry-entry isotope-item post-1656 attachment type-attachment status-inherit hentry  av-masonry-item-with-image' title=\"20201230_163745\" alt=\"\"   itemprop=\"thumbnailUrl\" ><div class='av-inner-masonry-sizer'><\/div><figure class='av-inner-masonry main_color'><div class=\"av-masonry-outerimage-container\"><div class=\"av-masonry-image-container\" style=\"background-image: url(https:\/\/www.mill-darx.com\/wp-content\/uploads\/2021\/01\/20201230_163745-529x705.jpg);\" title=\"20201230_163745\" ><\/div><\/div><\/figure><\/a><!--end av-masonry entry--><a href=\"https:\/\/www.mill-darx.com\/wp-content\/uploads\/2021\/01\/20201230_163807-773x1030.jpg\"  aria-label=\"image 20201230_163807\"  id='av-masonry-1-item-1662' data-av-masonry-item='1662' class='av-masonry-entry isotope-item post-1662 attachment type-attachment status-inherit hentry  av-masonry-item-with-image' title=\"20201230_163807\" alt=\"\"   itemprop=\"thumbnailUrl\" ><div class='av-inner-masonry-sizer'><\/div><figure class='av-inner-masonry main_color'><div class=\"av-masonry-outerimage-container\"><div class=\"av-masonry-image-container\" style=\"background-image: url(https:\/\/www.mill-darx.com\/wp-content\/uploads\/2021\/01\/20201230_163807-529x705.jpg);\" title=\"20201230_163807\" ><\/div><\/div><\/figure><\/a><!--end av-masonry entry--><a href=\"https:\/\/www.mill-darx.com\/wp-content\/uploads\/2021\/01\/20201230_164003-773x1030.jpg\"  aria-label=\"image 20201230_164003\"  id='av-masonry-1-item-1668' data-av-masonry-item='1668' class='av-masonry-entry isotope-item post-1668 attachment type-attachment status-inherit hentry  av-masonry-item-with-image' title=\"20201230_164003\" alt=\"\"   itemprop=\"thumbnailUrl\" ><div class='av-inner-masonry-sizer'><\/div><figure class='av-inner-masonry main_color'><div class=\"av-masonry-outerimage-container\"><div class=\"av-masonry-image-container\" style=\"background-image: url(https:\/\/www.mill-darx.com\/wp-content\/uploads\/2021\/01\/20201230_164003-529x705.jpg);\" title=\"20201230_164003\" ><\/div><\/div><\/figure><\/a><!--end av-masonry entry--><a href=\"https:\/\/www.mill-darx.com\/wp-content\/uploads\/2021\/01\/20201230_163831-773x1030.jpg\"  aria-label=\"image 20201230_163831\"  id='av-masonry-1-item-1665' data-av-masonry-item='1665' class='av-masonry-entry isotope-item post-1665 attachment type-attachment status-inherit hentry  av-masonry-item-with-image' title=\"20201230_163831\" alt=\"\"   itemprop=\"thumbnailUrl\" ><div class='av-inner-masonry-sizer'><\/div><figure class='av-inner-masonry main_color'><div class=\"av-masonry-outerimage-container\"><div class=\"av-masonry-image-container\" style=\"background-image: url(https:\/\/www.mill-darx.com\/wp-content\/uploads\/2021\/01\/20201230_163831-529x705.jpg);\" title=\"20201230_163831\" ><\/div><\/div><\/figure><\/a><!--end av-masonry entry--><a href=\"https:\/\/www.mill-darx.com\/wp-content\/uploads\/2021\/01\/20201230_163844-773x1030.jpg\"  aria-label=\"image 20201230_163844\"  id='av-masonry-1-item-1671' data-av-masonry-item='1671' class='av-masonry-entry isotope-item post-1671 attachment type-attachment status-inherit hentry  av-masonry-item-with-image' title=\"20201230_163844\" alt=\"\"   itemprop=\"thumbnailUrl\" ><div class='av-inner-masonry-sizer'><\/div><figure class='av-inner-masonry main_color'><div class=\"av-masonry-outerimage-container\"><div class=\"av-masonry-image-container\" style=\"background-image: url(https:\/\/www.mill-darx.com\/wp-content\/uploads\/2021\/01\/20201230_163844-529x705.jpg);\" title=\"20201230_163844\" ><\/div><\/div><\/figure><\/a><!--end av-masonry entry--><\/div><\/div><\/p>\n<div id='av_section_2'  class='avia-section alternate_color avia-section-default avia-no-border-styling  avia-bg-style-scroll  avia-builder-el-21  el_after_av_masonry_gallery  el_before_av_section   container_wrap sidebar_right' style=' '  ><div class='container' ><div class='template-page content  av-content-small alpha units'><div class='post-entry post-entry-type-page post-entry-1430'><div class='entry-content-wrapper clearfix'>\n<div  style='height:30px' class='hr hr-invisible   avia-builder-el-22  el_before_av_image  avia-builder-el-first '><span class='hr-inner ' ><span class='hr-inner-style'><\/span><\/span><\/div>\n<div  class='avia-image-container  av-styling-    avia-builder-el-23  el_after_av_hr  el_before_av_testimonials  avia-align-center '  itemprop=\"image\" itemscope=\"itemscope\" itemtype=\"https:\/\/schema.org\/ImageObject\"  ><div class='avia-image-container-inner'><div class='avia-image-overlay-wrap'><img decoding=\"async\" class='wp-image-1369 avia-img-lazy-loading-not-1369 avia_image' src=\"https:\/\/www.mill-darx.com\/wp-content\/uploads\/2020\/12\/guillemets.png\" alt='' title='guillemets' height=\"58\" width=\"72\"  itemprop=\"thumbnailUrl\"  \/><\/div><\/div><\/div>\n<div   data-autoplay='1'  data-interval='5'  data-animation='fade'  data-hoverpause='1'  class='avia-testimonial-wrapper avia-slider-testimonials avia-slider-2-testimonials avia_animate_when_almost_visible  av-large-testimonial-slider  '>\n<section class ='avia-testimonial-row'><div class='avia-testimonial av_one_half flex_column no_margin avia-testimonial-row-1 avia-first-testimonial' ><div class='avia-testimonial_inner'  itemscope=\"itemscope\" itemtype=\"https:\/\/schema.org\/CreativeWork\" ><div class='avia-testimonial-content '  ><div class='avia-testimonial-markup-entry-content'  itemprop=\"text\" ><p>Ein herzlichen Empfang , ein gem\u00fctliches und sauberes Zimmer, das Fr\u00fchst\u00fcck ist lecker. In einer sch\u00f6nen Gegend gelegen, die auch zum wandern einl\u00e4dt. Wir hatten einen sehr angenehmen Aufenthalt. Shopping und Restaurant in der N\u00e4he. Es ist sehr zu empfehlen, f\u00fcr einen kurzen oder auch einen l\u00e4ngeren Urlaub.<\/p>\n<\/div><\/div><div class='avia-testimonial-meta'><div class='avia-testimonial-arrow-wrap'><div class='avia-arrow'><\/div><\/div><div class='avia-testimonial-meta-mini'  itemprop=\"author\" itemscope=\"itemscope\" itemtype=\"https:\/\/schema.org\/Person\" ><strong  class='avia-testimonial-name'    itemprop=\"name\" >Laurie Girard<\/strong><\/div><\/div><\/div><\/div>\n<\/section><div class='avia-slideshow-arrows avia-slideshow-controls' ><a href='#prev' class='prev-slide' aria-hidden='true' data-av_icon='\ue87c' data-av_iconfont='entypo-fontello'>Zur\u00fcck<\/a><a href='#next' class='next-slide' aria-hidden='true' data-av_icon='\ue87d' data-av_iconfont='entypo-fontello'>Weiter<\/a><\/div><\/div>\n\n<\/div><\/div><\/div><!-- close content main div --><\/div><\/div><div id='av_section_3'  class='avia-section main_color avia-section-default avia-no-border-styling  avia-bg-style-scroll  avia-builder-el-25  el_after_av_section  avia-builder-el-last   container_wrap sidebar_right' style=' '  ><div class='container' ><div class='template-page content  av-content-small alpha units'><div class='post-entry post-entry-type-page post-entry-1430'><div class='entry-content-wrapper clearfix'>\n<div  style='padding-bottom:10px; ' class='av-special-heading av-special-heading-h2  blockquote modern-quote modern-centered  avia-builder-el-26  el_before_av_hr  avia-builder-el-first  '><h2 class='av-special-heading-tag '  itemprop=\"headline\"  >Buchen Sie Ihren Aufenthalt<\/h2><div class ='av-subheading av-subheading_below  ' style='font-size:22px;'><p>Kontaktieren Sie uns jetzt, um Ihr Zimmer zu reservieren<\/p>\n<\/div><div class='special-heading-border'><div class='special-heading-inner-border' ><\/div><\/div><\/div>\n<div  style='height:30px' class='hr hr-invisible   avia-builder-el-27  el_after_av_heading  el_before_av_button '><span class='hr-inner ' ><span class='hr-inner-style'><\/span><\/span><\/div>\n<div  class='avia-button-wrap avia-button-center  avia-builder-el-28  el_after_av_hr  avia-builder-el-last ' ><a href='https:\/\/www.mill-darx.com\/de\/footer\/'  class='avia-button  avia-color-light   avia-icon_select-no avia-size-large avia-position-center '   ><span class='avia_iconbox_title' >Ich buche !<\/span><\/a><\/div>\n<\/div><\/div><\/div><!-- close content main div --><\/div><\/div><div id='after_section_3'  class='main_color av_default_container_wrap container_wrap sidebar_right' style=' '  ><div class='container' ><div class='template-page content  av-content-small alpha units'><div class='post-entry post-entry-type-page post-entry-1430'><div class='entry-content-wrapper clearfix'>\n","protected":false},"excerpt":{"rendered":"","protected":false},"author":1,"featured_media":0,"parent":1416,"menu_order":0,"comment_status":"closed","ping_status":"closed","template":"","meta":{"footnotes":""},"class_list":["post-1430","page","type-page","status-publish","hentry"],"yoast_head":"<!-- This site is optimized with the Yoast SEO plugin v19.10 - https:\/\/yoast.com\/wordpress\/plugins\/seo\/ -->\n<title>Charlotte - Mill d&#039;Arx<\/title>\n<meta name=\"robots\" content=\"index, follow, max-snippet:-1, max-image-preview:large, max-video-preview:-1\" \/>\n<link rel=\"canonical\" href=\"https:\/\/www.mill-darx.com\/de\/zimmer\/charlotte\/\" \/>\n<meta property=\"og:locale\" content=\"de_DE\" \/>\n<meta property=\"og:type\" content=\"article\" \/>\n<meta property=\"og:title\" content=\"Charlotte - Mill d&#039;Arx\" \/>\n<meta property=\"og:url\" content=\"https:\/\/www.mill-darx.com\/de\/zimmer\/charlotte\/\" \/>\n<meta property=\"og:site_name\" content=\"Mill d&#039;Arx\" \/>\n<meta property=\"article:modified_time\" content=\"2026-02-28T21:32:11+00:00\" \/>\n<meta name=\"twitter:card\" content=\"summary_large_image\" \/>\n<meta name=\"twitter:label1\" content=\"Gesch\u00e4tzte Lesezeit\" \/>\n\t<meta name=\"twitter:data1\" content=\"6\u00a0Minuten\" \/>\n<script type=\"application\/ld+json\" class=\"yoast-schema-graph\">{\"@context\":\"https:\/\/schema.org\",\"@graph\":[{\"@type\":\"WebPage\",\"@id\":\"https:\/\/www.mill-darx.com\/de\/zimmer\/charlotte\/\",\"url\":\"https:\/\/www.mill-darx.com\/de\/zimmer\/charlotte\/\",\"name\":\"Charlotte - Mill d&#039;Arx\",\"isPartOf\":{\"@id\":\"https:\/\/www.mill-darx.com\/de\/#website\"},\"datePublished\":\"2020-12-16T16:57:43+00:00\",\"dateModified\":\"2026-02-28T21:32:11+00:00\",\"breadcrumb\":{\"@id\":\"https:\/\/www.mill-darx.com\/de\/zimmer\/charlotte\/#breadcrumb\"},\"inLanguage\":\"de\",\"potentialAction\":[{\"@type\":\"ReadAction\",\"target\":[\"https:\/\/www.mill-darx.com\/de\/zimmer\/charlotte\/\"]}]},{\"@type\":\"BreadcrumbList\",\"@id\":\"https:\/\/www.mill-darx.com\/de\/zimmer\/charlotte\/#breadcrumb\",\"itemListElement\":[{\"@type\":\"ListItem\",\"position\":1,\"name\":\"Accueil\",\"item\":\"https:\/\/www.mill-darx.com\/de\/zuhause\/\"},{\"@type\":\"ListItem\",\"position\":2,\"name\":\"Zimmer\",\"item\":\"https:\/\/www.mill-darx.com\/de\/zimmer\/\"},{\"@type\":\"ListItem\",\"position\":3,\"name\":\"Charlotte\"}]},{\"@type\":\"WebSite\",\"@id\":\"https:\/\/www.mill-darx.com\/de\/#website\",\"url\":\"https:\/\/www.mill-darx.com\/de\/\",\"name\":\"Mill d&#039;Arx\",\"description\":\"Chambres d&#039;h\u00f4tes de charme\",\"potentialAction\":[{\"@type\":\"SearchAction\",\"target\":{\"@type\":\"EntryPoint\",\"urlTemplate\":\"https:\/\/www.mill-darx.com\/de\/?s={search_term_string}\"},\"query-input\":\"required name=search_term_string\"}],\"inLanguage\":\"de\"}]}<\/script>\n<!-- \/ Yoast SEO plugin. -->","yoast_head_json":{"title":"Charlotte - Mill d&#039;Arx","robots":{"index":"index","follow":"follow","max-snippet":"max-snippet:-1","max-image-preview":"max-image-preview:large","max-video-preview":"max-video-preview:-1"},"canonical":"https:\/\/www.mill-darx.com\/de\/zimmer\/charlotte\/","og_locale":"de_DE","og_type":"article","og_title":"Charlotte - Mill d&#039;Arx","og_url":"https:\/\/www.mill-darx.com\/de\/zimmer\/charlotte\/","og_site_name":"Mill d&#039;Arx","article_modified_time":"2026-02-28T21:32:11+00:00","twitter_card":"summary_large_image","twitter_misc":{"Gesch\u00e4tzte Lesezeit":"6\u00a0Minuten"},"schema":{"@context":"https:\/\/schema.org","@graph":[{"@type":"WebPage","@id":"https:\/\/www.mill-darx.com\/de\/zimmer\/charlotte\/","url":"https:\/\/www.mill-darx.com\/de\/zimmer\/charlotte\/","name":"Charlotte - Mill d&#039;Arx","isPartOf":{"@id":"https:\/\/www.mill-darx.com\/de\/#website"},"datePublished":"2020-12-16T16:57:43+00:00","dateModified":"2026-02-28T21:32:11+00:00","breadcrumb":{"@id":"https:\/\/www.mill-darx.com\/de\/zimmer\/charlotte\/#breadcrumb"},"inLanguage":"de","potentialAction":[{"@type":"ReadAction","target":["https:\/\/www.mill-darx.com\/de\/zimmer\/charlotte\/"]}]},{"@type":"BreadcrumbList","@id":"https:\/\/www.mill-darx.com\/de\/zimmer\/charlotte\/#breadcrumb","itemListElement":[{"@type":"ListItem","position":1,"name":"Accueil","item":"https:\/\/www.mill-darx.com\/de\/zuhause\/"},{"@type":"ListItem","position":2,"name":"Zimmer","item":"https:\/\/www.mill-darx.com\/de\/zimmer\/"},{"@type":"ListItem","position":3,"name":"Charlotte"}]},{"@type":"WebSite","@id":"https:\/\/www.mill-darx.com\/de\/#website","url":"https:\/\/www.mill-darx.com\/de\/","name":"Mill d&#039;Arx","description":"Chambres d&#039;h\u00f4tes de charme","potentialAction":[{"@type":"SearchAction","target":{"@type":"EntryPoint","urlTemplate":"https:\/\/www.mill-darx.com\/de\/?s={search_term_string}"},"query-input":"required name=search_term_string"}],"inLanguage":"de"}]}},"_links":{"self":[{"href":"https:\/\/www.mill-darx.com\/de\/wp-json\/wp\/v2\/pages\/1430","targetHints":{"allow":["GET"]}}],"collection":[{"href":"https:\/\/www.mill-darx.com\/de\/wp-json\/wp\/v2\/pages"}],"about":[{"href":"https:\/\/www.mill-darx.com\/de\/wp-json\/wp\/v2\/types\/page"}],"author":[{"embeddable":true,"href":"https:\/\/www.mill-darx.com\/de\/wp-json\/wp\/v2\/users\/1"}],"replies":[{"embeddable":true,"href":"https:\/\/www.mill-darx.com\/de\/wp-json\/wp\/v2\/comments?post=1430"}],"version-history":[{"count":33,"href":"https:\/\/www.mill-darx.com\/de\/wp-json\/wp\/v2\/pages\/1430\/revisions"}],"predecessor-version":[{"id":2890,"href":"https:\/\/www.mill-darx.com\/de\/wp-json\/wp\/v2\/pages\/1430\/revisions\/2890"}],"up":[{"embeddable":true,"href":"https:\/\/www.mill-darx.com\/de\/wp-json\/wp\/v2\/pages\/1416"}],"wp:attachment":[{"href":"https:\/\/www.mill-darx.com\/de\/wp-json\/wp\/v2\/media?parent=1430"}],"curies":[{"name":"wp","href":"https:\/\/api.w.org\/{rel}","templated":true}]}}