{"id":1416,"date":"2020-12-16T17:45:52","date_gmt":"2020-12-16T16:45:52","guid":{"rendered":"https:\/\/www.mill-darx.com\/?page_id=1416"},"modified":"2026-01-03T22:53:57","modified_gmt":"2026-01-03T21:53:57","slug":"zimmer","status":"publish","type":"page","link":"https:\/\/www.mill-darx.com\/de\/zimmer\/","title":{"rendered":"Zimmer"},"content":{"rendered":"<div id='full_slider_1'  class='avia-fullwidth-slider main_color avia-shadow   avia-builder-el-0  el_before_av_layout_row  avia-builder-el-first   container_wrap sidebar_right' style=' '  ><div   data-size='featured'  data-lightbox_size='large'  data-animation='fade'  data-conditional_play=''  data-ids='1972'  data-video_counter='0'  data-autoplay='false'  data-bg_slider='false'  data-slide_height=''  data-handle='av_slideshow_full'  data-interval='6'  data-class=' '  data-el_id=''  data-css_id=''  data-scroll_down=''  data-control_layout='av-control-default'  data-custom_markup=''  data-perma_caption=''  data-autoplay_stopper=''  data-image_attachment=''  data-min_height='430px'  data-lazy_loading='disabled'  data-src=''  data-position='top left'  data-repeat='no-repeat'  data-attach='scroll'  data-stretch=''  data-default-height='28.666666666667'  class='avia-slideshow avia-slideshow-1  av-control-default av-default-height-applied avia-slideshow-featured av_slideshow_full   avia-fade-slider '  itemprop=\"image\" itemscope=\"itemscope\" itemtype=\"https:\/\/schema.org\/ImageObject\" ><ul class='avia-slideshow-inner ' style='padding-bottom: 28.666666666667%;' ><li  class=' av-single-slide slide-1 ' ><div data-rel='slideshow-1' class='avia-slide-wrap '   ><div class = \"caption_fullwidth av-slideshow-caption caption_center\"><div class = \"container caption_container\"><div class = \"slideshow_caption\"><div class = \"slideshow_inner_caption\"><div class = \"slideshow_align_caption\"><h1  style='font-size:36px; ' class='avia-caption-title  '  itemprop=\"name\" >Die Zimmer<\/h1><div class='avia-caption-content  av_inherit_color'  itemprop=\"description\"   style='font-size:16px; '><p>Ideal gelegen im S\u00fcden vom Burgund, nur 10 Minuten von der Stadt Cluny<br \/>\nund 20 Minuten von der Stadt M\u00e2con entfernt.<\/p>\n<\/div><\/div><\/div><\/div><\/div><\/div><img decoding=\"async\" class=\"wp-image-1972 avia-img-lazy-loading-not-1972\"  src=\"https:\/\/www.mill-darx.com\/wp-content\/uploads\/2021\/01\/20210122_172553-1500x430.jpg\" width=\"1500\" height=\"430\" title='20210122_172553' alt=''  itemprop=\"thumbnailUrl\"  style='min-height:430px; min-width:1500px; ' \/><div class='av-section-color-overlay' style='opacity: 0.7; background-color: #282828; '><\/div><\/div><\/li><\/ul><\/div><\/div>\n<div id='av-layout-grid-1'  class='av-layout-grid-container entry-content-wrapper main_color av-flex-cells     avia-builder-el-1  el_after_av_slideshow_full  el_before_av_layout_row  submenu-not-first container_wrap sidebar_right' style=' '  >\n<div class=\"flex_cell no_margin av_one_half  avia-builder-el-2  el_before_av_cell_one_half  avia-builder-el-first   avia-full-stretch av-zero-padding \"  style='height:500px; min-height:500px;background:url(https:\/\/www.mill-darx.com\/wp-content\/uploads\/2020\/12\/chambre-mill-darx.jpg) center center no-repeat scroll; vertical-align:middle; padding:0px; ' ><div class='flex_cell_inner' ><\/div><\/div><div class=\"flex_cell no_margin av_one_half  avia-builder-el-3  el_after_av_cell_one_half  avia-builder-el-last   \"  style='height:500px; min-height:500px;vertical-align:middle; padding:80px; ' ><div class='flex_cell_inner' ><p><div  style='padding-bottom:25px; font-size:34px;' class='av-special-heading av-special-heading-h3  blockquote modern-quote  avia-builder-el-4  el_before_av_textblock  avia-builder-el-first  av-inherit-size '><div class ='av-subheading av-subheading_above  ' style='font-size:15px;'><p>G\u00e4stezimmer<\/p>\n<\/div><h3 class='av-special-heading-tag '  itemprop=\"headline\"  >Isabelle<\/h3><div class='special-heading-border'><div class='special-heading-inner-border' ><\/div><\/div><\/div><br \/>\n<section class=\"av_textblock_section \"  itemscope=\"itemscope\" itemtype=\"https:\/\/schema.org\/CreativeWork\" ><div class='avia_textblock  av_inherit_color '   itemprop=\"text\" ><h3>65 &#8211; 75 \u20ac \/ Nacht<\/h3>\n<\/div><\/section><br \/>\n<section class=\"av_textblock_section \"  itemscope=\"itemscope\" itemtype=\"https:\/\/schema.org\/CreativeWork\" ><div class='avia_textblock  av_inherit_color '   itemprop=\"text\" ><p>Das gem\u00fctliche und charmante Zimmer ISABELLE ist ideal f\u00fcr 2 Personen. Einmalig und mit vielen kleinen \u00dcberraschungen! Das Schlafzimmer mit Doppelbett (160&#215;200) und TV ist in der 2.Etage, im Erdgeschoss ist eine heimelige Stube eingerichtet mit einem Wasserkocher und dazwischen befindet sich das Bad mit WC &amp; Dusche.<\/p>\n<\/div><\/section><br \/>\n<div  class='avia-button-wrap avia-button-left  avia-builder-el-7  el_after_av_textblock  avia-builder-el-last ' ><a href='https:\/\/www.mill-darx.com\/de\/zimmer\/isabelle\/'  class='avia-button  avia-color-light   avia-icon_select-no avia-size-large avia-position-left '   ><span class='avia_iconbox_title' >Siehe das Schlafzimmer<\/span><\/a><\/div><\/p>\n<\/div><\/div><\/div><div id='av-layout-grid-2'  class='av-layout-grid-container entry-content-wrapper main_color av-flex-cells     avia-builder-el-8  el_after_av_layout_row  el_before_av_layout_row  submenu-not-first container_wrap sidebar_right' style=' '  >\n<div class=\"flex_cell no_margin av_one_half  avia-builder-el-9  el_before_av_cell_one_half  avia-builder-el-first   \"  style='height:500px; min-height:500px;background: #310a00; vertical-align:middle; padding:80px; background-color:#310a00; ' ><div class='flex_cell_inner' ><p><div  style='padding-bottom:25px; font-size:34px;' class='av-special-heading av-special-heading-h3  blockquote modern-quote  avia-builder-el-10  el_before_av_textblock  avia-builder-el-first  av-inherit-size '><div class ='av-subheading av-subheading_above  ' style='font-size:15px;'><p>G\u00e4stezimmer<\/p>\n<\/div><h3 class='av-special-heading-tag '  itemprop=\"headline\"  >Helen<\/h3><div class='special-heading-border'><div class='special-heading-inner-border' ><\/div><\/div><\/div><br \/>\n<section class=\"av_textblock_section \"  itemscope=\"itemscope\" itemtype=\"https:\/\/schema.org\/CreativeWork\" ><div class='avia_textblock  av_inherit_color '   itemprop=\"text\" ><h3>95 &#8211; 135 \u20ac \/ Nacht<\/h3>\n<\/div><\/section><br \/>\n<section class=\"av_textblock_section \"  itemscope=\"itemscope\" itemtype=\"https:\/\/schema.org\/CreativeWork\" ><div class='avia_textblock  '   itemprop=\"text\" ><p>\u00dcber eine Galerie M\u00e2connaise, eine Art Veranda, die typisch f\u00fcr unsere Gegend ist, gelangt man zu diesem gem\u00fctlichen und 24m2 grossen Zimmer HELENE. Eingerichtet mit einem Doppelbett (160&#215;200) und einem Etagenbett bietet es Platz bis zu 6 Personen. Angrenzend hat es eine heimelige Stube mit ausziehbarem Sofa, TV und Wasserkocher. Sowie ein eigenes Badezimmer mit WC &amp; Dusche .<\/p>\n<\/div><\/section><br \/>\n<div  class='avia-button-wrap avia-button-left  avia-builder-el-13  el_after_av_textblock  avia-builder-el-last ' ><a href='https:\/\/www.mill-darx.com\/de\/zimmer\/helen\/'  class='avia-button  avia-color-light   avia-icon_select-no avia-size-large avia-position-left '   ><span class='avia_iconbox_title' >Siehe das Schlafzimmer<\/span><\/a><\/div><\/p>\n<\/div><\/div><div class=\"flex_cell no_margin av_one_half  avia-builder-el-14  el_after_av_cell_one_half  avia-builder-el-last   avia-full-stretch av-zero-padding \"  style='height:500px; min-height:500px;background:url(https:\/\/www.mill-darx.com\/wp-content\/uploads\/2020\/12\/milldarx-chambre-dhote-helene-scaled.jpg) center center no-repeat scroll #310a00; vertical-align:middle; padding:0px; background-color:#310a00; ' ><div class='flex_cell_inner' ><\/div><\/div><\/div><div id='av-layout-grid-3'  class='av-layout-grid-container entry-content-wrapper main_color av-flex-cells     avia-builder-el-15  el_after_av_layout_row  el_before_av_section  submenu-not-first container_wrap sidebar_right' style=' '  >\n<div class=\"flex_cell no_margin av_one_half  avia-builder-el-16  el_before_av_cell_one_half  avia-builder-el-first   avia-full-stretch av-zero-padding \"  style='height:500px; min-height:500px;background:url(https:\/\/www.mill-darx.com\/wp-content\/uploads\/2020\/12\/charlotte-chambre-dhote-mill-darx.jpg) top left no-repeat scroll; vertical-align:middle; padding:0px; ' ><div class='flex_cell_inner' ><\/div><\/div><div class=\"flex_cell no_margin av_one_half  avia-builder-el-17  el_after_av_cell_one_half  avia-builder-el-last   \"  style='height:500px; min-height:500px;vertical-align:middle; padding:80px; ' ><div class='flex_cell_inner' ><p><div  style='padding-bottom:25px; font-size:34px;' class='av-special-heading av-special-heading-h3  blockquote modern-quote  avia-builder-el-18  el_before_av_textblock  avia-builder-el-first  av-inherit-size '><div class ='av-subheading av-subheading_above  ' style='font-size:15px;'><p>G\u00e4stezimmer<\/p>\n<\/div><h3 class='av-special-heading-tag '  itemprop=\"headline\"  >Charlotte<\/h3><div class='special-heading-border'><div class='special-heading-inner-border' ><\/div><\/div><\/div><br \/>\n<section class=\"av_textblock_section \"  itemscope=\"itemscope\" itemtype=\"https:\/\/schema.org\/CreativeWork\" ><div class='avia_textblock  av_inherit_color '   itemprop=\"text\" ><h3>85 &#8211; 105\u20ac \/ Nacht<\/h3>\n<\/div><\/section><br \/>\n<section class=\"av_textblock_section \"  itemscope=\"itemscope\" itemtype=\"https:\/\/schema.org\/CreativeWork\" ><div class='avia_textblock  '   itemprop=\"text\" ><p>Im Obergeschoss liegt das romantische Zimmer CHARLOTTE. Die Dachschr\u00e4ge mit den Sichtbalken und Burgunder Fenstern verleihen dem Zimmer einen besonderen Charme. Eingerichtet ist es mit einem Doppelbett (160&#215;200) und einer gem\u00fctlichen Sitzecke , TV und Wasserkocher. Es hat ein zweites Zimmer mit 2 separaten Betten (je 90&#215;190), sowie ein eigenes Badezimmer mit WC &amp; Dusche. Es bietet Platz bis zu 4 Personen<\/p>\n<\/div><\/section><br \/>\n<div  class='avia-button-wrap avia-button-left  avia-builder-el-21  el_after_av_textblock  avia-builder-el-last ' ><a href='https:\/\/www.mill-darx.com\/de\/zimmer\/charlotte\/'  class='avia-button  avia-color-light   avia-icon_select-no avia-size-large avia-position-left '   ><span class='avia_iconbox_title' >Siehe das Schlafzimmer<\/span><\/a><\/div><\/p>\n<\/div><\/div><\/div><div id='av_section_1'  class='avia-section alternate_color avia-section-default avia-no-border-styling  avia-bg-style-scroll  avia-builder-el-22  el_after_av_layout_row  el_before_av_section   container_wrap sidebar_right' style=' '  ><div class='container' ><div class='template-page content  av-content-small alpha units'><div class='post-entry post-entry-type-page post-entry-1416'><div class='entry-content-wrapper clearfix'>\n<div  style='height:30px' class='hr hr-invisible   avia-builder-el-23  el_before_av_image  avia-builder-el-first '><span class='hr-inner ' ><span class='hr-inner-style'><\/span><\/span><\/div>\n<div  class='avia-image-container  av-styling-    avia-builder-el-24  el_after_av_hr  el_before_av_testimonials  avia-align-center '  itemprop=\"image\" itemscope=\"itemscope\" itemtype=\"https:\/\/schema.org\/ImageObject\"  ><div class='avia-image-container-inner'><div class='avia-image-overlay-wrap'><img decoding=\"async\" class='wp-image-1369 avia-img-lazy-loading-not-1369 avia_image' src=\"https:\/\/www.mill-darx.com\/wp-content\/uploads\/2020\/12\/guillemets.png\" alt='' title='guillemets' height=\"58\" width=\"72\"  itemprop=\"thumbnailUrl\"  \/><\/div><\/div><\/div>\n<div   data-autoplay='1'  data-interval='5'  data-animation='fade'  data-hoverpause='1'  class='avia-testimonial-wrapper avia-slider-testimonials avia-slider-2-testimonials avia_animate_when_almost_visible  av-large-testimonial-slider  '>\n<section class ='avia-testimonial-row'><div class='avia-testimonial av_one_half flex_column no_margin avia-testimonial-row-1 avia-first-testimonial' ><div class='avia-testimonial_inner'  itemscope=\"itemscope\" itemtype=\"https:\/\/schema.org\/CreativeWork\" ><div class='avia-testimonial-content '  ><div class='avia-testimonial-markup-entry-content'  itemprop=\"text\" ><p>Ein herzlichen Empfang , ein gem\u00fctliches und sauberes Zimmer, das Fr\u00fchst\u00fcck ist lecker. In einer sch\u00f6nen Gegend gelegen, die auch zum wandern einl\u00e4dt. Wir hatten einen sehr angenehmen Aufenthalt. Shopping und Restaurant in der N\u00e4he. Es ist sehr zu empfehlen, f\u00fcr einen kurzen oder auch einen l\u00e4ngeren Urlaub.<\/p>\n<\/div><\/div><div class='avia-testimonial-meta'><div class='avia-testimonial-arrow-wrap'><div class='avia-arrow'><\/div><\/div><div class='avia-testimonial-meta-mini'  itemprop=\"author\" itemscope=\"itemscope\" itemtype=\"https:\/\/schema.org\/Person\" ><strong  class='avia-testimonial-name'    itemprop=\"name\" >Laurie Girard<\/strong><\/div><\/div><\/div><\/div>\n<\/section><div class='avia-slideshow-arrows avia-slideshow-controls' ><a href='#prev' class='prev-slide' aria-hidden='true' data-av_icon='\ue87c' data-av_iconfont='entypo-fontello'>Zur\u00fcck<\/a><a href='#next' class='next-slide' aria-hidden='true' data-av_icon='\ue87d' data-av_iconfont='entypo-fontello'>Weiter<\/a><\/div><\/div>\n<\/p>\n<\/div><\/div><\/div><!-- close content main div --><\/div><\/div><div id='av_section_2'  class='avia-section main_color avia-section-default avia-no-border-styling  avia-bg-style-scroll  avia-builder-el-26  el_after_av_section  avia-builder-el-last   container_wrap sidebar_right' style=' '  ><div class='container' ><div class='template-page content  av-content-small alpha units'><div class='post-entry post-entry-type-page post-entry-1416'><div class='entry-content-wrapper clearfix'>\n<div  style='padding-bottom:10px; ' class='av-special-heading av-special-heading-h2  blockquote modern-quote modern-centered  avia-builder-el-27  el_before_av_hr  avia-builder-el-first  '><h2 class='av-special-heading-tag '  itemprop=\"headline\"  >Buchen Sie Ihren Aufenthalt<\/h2><div class ='av-subheading av-subheading_below  ' style='font-size:22px;'><p>Kontaktieren Sie uns jetzt, um Ihr Zimmer zu reservieren.<\/p>\n<\/div><div class='special-heading-border'><div class='special-heading-inner-border' ><\/div><\/div><\/div>\n<div  style='height:30px' class='hr hr-invisible   avia-builder-el-28  el_after_av_heading  el_before_av_button '><span class='hr-inner ' ><span class='hr-inner-style'><\/span><\/span><\/div>\n<div  class='avia-button-wrap avia-button-center  avia-builder-el-29  el_after_av_hr  avia-builder-el-last ' ><a href='https:\/\/www.mill-darx.com\/de\/footer\/'  class='avia-button  avia-color-light   avia-icon_select-no avia-size-large avia-position-center '   ><span class='avia_iconbox_title' >Ich buche !<\/span><\/a><\/div>\n<\/div><\/div><\/div><!-- close content main div --><\/div><\/div><div id='after_section_2'  class='main_color av_default_container_wrap container_wrap sidebar_right' style=' '  ><div class='container' ><div class='template-page content  av-content-small alpha units'><div class='post-entry post-entry-type-page post-entry-1416'><div class='entry-content-wrapper clearfix'>\n","protected":false},"excerpt":{"rendered":"","protected":false},"author":1,"featured_media":0,"parent":0,"menu_order":0,"comment_status":"closed","ping_status":"closed","template":"","meta":{"footnotes":""},"class_list":["post-1416","page","type-page","status-publish","hentry"],"yoast_head":"<!-- This site is optimized with the Yoast SEO plugin v19.10 - https:\/\/yoast.com\/wordpress\/plugins\/seo\/ -->\n<title>Zimmer - Mill d&#039;Arx<\/title>\n<meta name=\"robots\" content=\"index, follow, max-snippet:-1, max-image-preview:large, max-video-preview:-1\" \/>\n<link rel=\"canonical\" href=\"https:\/\/www.mill-darx.com\/de\/zimmer\/\" \/>\n<meta property=\"og:locale\" content=\"de_DE\" \/>\n<meta property=\"og:type\" content=\"article\" \/>\n<meta property=\"og:title\" content=\"Zimmer - Mill d&#039;Arx\" \/>\n<meta property=\"og:url\" content=\"https:\/\/www.mill-darx.com\/de\/zimmer\/\" \/>\n<meta property=\"og:site_name\" content=\"Mill d&#039;Arx\" \/>\n<meta property=\"article:modified_time\" content=\"2026-01-03T21:53:57+00:00\" \/>\n<meta name=\"twitter:card\" content=\"summary_large_image\" \/>\n<meta name=\"twitter:label1\" content=\"Gesch\u00e4tzte Lesezeit\" \/>\n\t<meta name=\"twitter:data1\" content=\"5\u00a0Minuten\" \/>\n<script type=\"application\/ld+json\" class=\"yoast-schema-graph\">{\"@context\":\"https:\/\/schema.org\",\"@graph\":[{\"@type\":\"WebPage\",\"@id\":\"https:\/\/www.mill-darx.com\/de\/zimmer\/\",\"url\":\"https:\/\/www.mill-darx.com\/de\/zimmer\/\",\"name\":\"Zimmer - Mill d&#039;Arx\",\"isPartOf\":{\"@id\":\"https:\/\/www.mill-darx.com\/de\/#website\"},\"datePublished\":\"2020-12-16T16:45:52+00:00\",\"dateModified\":\"2026-01-03T21:53:57+00:00\",\"breadcrumb\":{\"@id\":\"https:\/\/www.mill-darx.com\/de\/zimmer\/#breadcrumb\"},\"inLanguage\":\"de\",\"potentialAction\":[{\"@type\":\"ReadAction\",\"target\":[\"https:\/\/www.mill-darx.com\/de\/zimmer\/\"]}]},{\"@type\":\"BreadcrumbList\",\"@id\":\"https:\/\/www.mill-darx.com\/de\/zimmer\/#breadcrumb\",\"itemListElement\":[{\"@type\":\"ListItem\",\"position\":1,\"name\":\"Accueil\",\"item\":\"https:\/\/www.mill-darx.com\/de\/zuhause\/\"},{\"@type\":\"ListItem\",\"position\":2,\"name\":\"Zimmer\"}]},{\"@type\":\"WebSite\",\"@id\":\"https:\/\/www.mill-darx.com\/de\/#website\",\"url\":\"https:\/\/www.mill-darx.com\/de\/\",\"name\":\"Mill d&#039;Arx\",\"description\":\"Chambres d&#039;h\u00f4tes de charme\",\"potentialAction\":[{\"@type\":\"SearchAction\",\"target\":{\"@type\":\"EntryPoint\",\"urlTemplate\":\"https:\/\/www.mill-darx.com\/de\/?s={search_term_string}\"},\"query-input\":\"required name=search_term_string\"}],\"inLanguage\":\"de\"}]}<\/script>\n<!-- \/ Yoast SEO plugin. -->","yoast_head_json":{"title":"Zimmer - Mill d&#039;Arx","robots":{"index":"index","follow":"follow","max-snippet":"max-snippet:-1","max-image-preview":"max-image-preview:large","max-video-preview":"max-video-preview:-1"},"canonical":"https:\/\/www.mill-darx.com\/de\/zimmer\/","og_locale":"de_DE","og_type":"article","og_title":"Zimmer - Mill d&#039;Arx","og_url":"https:\/\/www.mill-darx.com\/de\/zimmer\/","og_site_name":"Mill d&#039;Arx","article_modified_time":"2026-01-03T21:53:57+00:00","twitter_card":"summary_large_image","twitter_misc":{"Gesch\u00e4tzte Lesezeit":"5\u00a0Minuten"},"schema":{"@context":"https:\/\/schema.org","@graph":[{"@type":"WebPage","@id":"https:\/\/www.mill-darx.com\/de\/zimmer\/","url":"https:\/\/www.mill-darx.com\/de\/zimmer\/","name":"Zimmer - Mill d&#039;Arx","isPartOf":{"@id":"https:\/\/www.mill-darx.com\/de\/#website"},"datePublished":"2020-12-16T16:45:52+00:00","dateModified":"2026-01-03T21:53:57+00:00","breadcrumb":{"@id":"https:\/\/www.mill-darx.com\/de\/zimmer\/#breadcrumb"},"inLanguage":"de","potentialAction":[{"@type":"ReadAction","target":["https:\/\/www.mill-darx.com\/de\/zimmer\/"]}]},{"@type":"BreadcrumbList","@id":"https:\/\/www.mill-darx.com\/de\/zimmer\/#breadcrumb","itemListElement":[{"@type":"ListItem","position":1,"name":"Accueil","item":"https:\/\/www.mill-darx.com\/de\/zuhause\/"},{"@type":"ListItem","position":2,"name":"Zimmer"}]},{"@type":"WebSite","@id":"https:\/\/www.mill-darx.com\/de\/#website","url":"https:\/\/www.mill-darx.com\/de\/","name":"Mill d&#039;Arx","description":"Chambres d&#039;h\u00f4tes de charme","potentialAction":[{"@type":"SearchAction","target":{"@type":"EntryPoint","urlTemplate":"https:\/\/www.mill-darx.com\/de\/?s={search_term_string}"},"query-input":"required name=search_term_string"}],"inLanguage":"de"}]}},"_links":{"self":[{"href":"https:\/\/www.mill-darx.com\/de\/wp-json\/wp\/v2\/pages\/1416","targetHints":{"allow":["GET"]}}],"collection":[{"href":"https:\/\/www.mill-darx.com\/de\/wp-json\/wp\/v2\/pages"}],"about":[{"href":"https:\/\/www.mill-darx.com\/de\/wp-json\/wp\/v2\/types\/page"}],"author":[{"embeddable":true,"href":"https:\/\/www.mill-darx.com\/de\/wp-json\/wp\/v2\/users\/1"}],"replies":[{"embeddable":true,"href":"https:\/\/www.mill-darx.com\/de\/wp-json\/wp\/v2\/comments?post=1416"}],"version-history":[{"count":18,"href":"https:\/\/www.mill-darx.com\/de\/wp-json\/wp\/v2\/pages\/1416\/revisions"}],"predecessor-version":[{"id":2875,"href":"https:\/\/www.mill-darx.com\/de\/wp-json\/wp\/v2\/pages\/1416\/revisions\/2875"}],"wp:attachment":[{"href":"https:\/\/www.mill-darx.com\/de\/wp-json\/wp\/v2\/media?parent=1416"}],"curies":[{"name":"wp","href":"https:\/\/api.w.org\/{rel}","templated":true}]}}